{"id":64,"date":"2020-08-24T08:07:15","date_gmt":"2020-08-24T06:07:15","guid":{"rendered":"http:\/\/213.149.251.67\/index.php\/about\/"},"modified":"2026-03-23T14:32:03","modified_gmt":"2026-03-23T13:32:03","slug":"botigues","status":"publish","type":"page","link":"http:\/\/www.adfreco.com\/index.php\/botigues\/","title":{"rendered":"Botigues"},"content":{"rendered":"\t\t<div data-elementor-type=\"wp-page\" data-elementor-id=\"64\" class=\"elementor elementor-64\" data-elementor-post-type=\"page\">\n\t\t\t\t<div class=\"aux-parallax-section elementor-element elementor-element-75b935b e-flex e-con-boxed e-con e-parent\" data-id=\"75b935b\" data-element_type=\"container\" data-e-type=\"container\">\n\t\t\t\t\t<div class=\"e-con-inner\">\n\t\t<div class=\"elementor-element elementor-element-a942597 e-con-full e-flex e-con e-child\" data-id=\"a942597\" data-element_type=\"container\" data-e-type=\"container\">\n\t\t\t\t<div class=\"elementor-element elementor-element-cb51fc2 aux-appear-watch-animation aux-fade-in-up-1 elementor-widget elementor-widget-aux_modern_heading\" data-id=\"cb51fc2\" data-element_type=\"widget\" data-e-type=\"widget\" data-widget_type=\"aux_modern_heading.default\">\n\t\t\t\t<div class=\"elementor-widget-container\">\n\t\t\t\t\t<section class=\"aux-widget-modern-heading\">\n            <div class=\"aux-widget-inner\"><h4 class=\"aux-modern-heading-primary\">Les nostres botigues, a prop teu<\/h4><h3 class=\"aux-modern-heading-secondary\"><span class=\"aux-head-highlight\">9 botigues al servei del territori<\/span><\/h3><div class=\"aux-modern-heading-divider\"><\/div><div class=\"aux-modern-heading-description\"><p>A Adfreco apostem per la proximitat, la confian\u00e7a i el millor servei. Disposem d\u2019una xarxa de <strong>9 botigues distribu\u00efdes pel Baix Camp, Alt Camp, Ribera d' ebre, el Tarragon\u00e8s, el Baix Ebre i Montsi\u00e1<\/strong>, pensades per estar sempre a prop dels nostres clients i oferir una atenci\u00f3 directa i personalitzada.<\/p><\/div><\/div>\n        <\/section>\t\t\t\t<\/div>\n\t\t\t\t<\/div>\n\t\t<div class=\"elementor-element elementor-element-4e14565 e-con-full e-flex e-con e-child\" data-id=\"4e14565\" data-element_type=\"container\" data-e-type=\"container\">\n\t\t<div class=\"elementor-element elementor-element-792ca1f e-con-full e-flex e-con e-child\" data-id=\"792ca1f\" data-element_type=\"container\" data-e-type=\"container\">\n\t\t\t\t<div class=\"elementor-element elementor-element-7811bb0 aux-appear-watch-animation aux-fade-in-left-2 elementor-widget elementor-widget-aux_modern_heading\" data-id=\"7811bb0\" data-element_type=\"widget\" data-e-type=\"widget\" data-widget_type=\"aux_modern_heading.default\">\n\t\t\t\t<div class=\"elementor-widget-container\">\n\t\t\t\t\t<section class=\"aux-widget-modern-heading\">\n            <div class=\"aux-widget-inner\"><h2 class=\"aux-modern-heading-primary\">Atenci\u00f3 propera i personalitzada<\/h2><\/div>\n        <\/section>\t\t\t\t<\/div>\n\t\t\t\t<\/div>\n\t\t\t\t<\/div>\n\t\t<div class=\"elementor-element elementor-element-e718ddc e-con-full e-flex e-con e-child\" data-id=\"e718ddc\" data-element_type=\"container\" data-e-type=\"container\">\n\t\t\t\t<div class=\"elementor-element elementor-element-c870bca aux-appear-watch-animation aux-scale-down-1 elementor-widget elementor-widget-aux_modern_heading\" data-id=\"c870bca\" data-element_type=\"widget\" data-e-type=\"widget\" data-widget_type=\"aux_modern_heading.default\">\n\t\t\t\t<div class=\"elementor-widget-container\">\n\t\t\t\t\t<section class=\"aux-widget-modern-heading\">\n            <div class=\"aux-widget-inner\"><h2 class=\"aux-modern-heading-primary\">\u00c0mplia disponibilitat de productes i solucions<\/h2><\/div>\n        <\/section>\t\t\t\t<\/div>\n\t\t\t\t<\/div>\n\t\t\t\t<\/div>\n\t\t<div class=\"elementor-element elementor-element-35844a3 e-con-full e-flex e-con e-child\" data-id=\"35844a3\" data-element_type=\"container\" data-e-type=\"container\">\n\t\t\t\t<div class=\"elementor-element elementor-element-6ad7732 aux-appear-watch-animation aux-fade-in-right-2 elementor-widget elementor-widget-aux_modern_heading\" data-id=\"6ad7732\" data-element_type=\"widget\" data-e-type=\"widget\" data-widget_type=\"aux_modern_heading.default\">\n\t\t\t\t<div class=\"elementor-widget-container\">\n\t\t\t\t\t<section class=\"aux-widget-modern-heading\">\n            <div class=\"aux-widget-inner\"><h2 class=\"aux-modern-heading-primary\">Servei r\u00e0pid i de confian\u00e7a a la teva zona<\/h2><\/div>\n        <\/section>\t\t\t\t<\/div>\n\t\t\t\t<\/div>\n\t\t\t\t<\/div>\n\t\t\t\t<\/div>\n\t\t\t\t<\/div>\n\t\t<div class=\"elementor-element elementor-element-e440157 e-con-full aux-appear-watch-animation aux-scale-up e-flex e-con e-child\" data-id=\"e440157\" data-element_type=\"container\" data-e-type=\"container\" data-settings=\"{&quot;background_background&quot;:&quot;classic&quot;}\">\n\t\t\t\t<div class=\"elementor-element elementor-element-008a597 elementor-widget__width-auto elementor-widget elementor-widget-aux_modern_button\" data-id=\"008a597\" data-element_type=\"widget\" data-e-type=\"widget\" data-widget_type=\"aux_modern_button.default\">\n\t\t\t\t<div class=\"elementor-widget-container\">\n\t\t\t\t\t    <div class=\"aux-modern-button-wrapper aux-modern-button-align-left\" >\n        <span class=\"aux-lightbox-video \">            <a class=\"aux-modern-button aux-black aux-modern-button-md aux-modern-button-normal aux-modern-button-default aux-icon-left aux-open-video\" href=\"https:\/\/www.youtube.com\/watch?v=S6RjCD2Jtsg\" data-type=\"video\">\n                <div class=\"aux-overlay\"><\/div>\n                                    <div class=\"aux-icon \">\n                        <i aria-hidden=\"true\" class=\"auxicon2 auxicon2-play-triangle-1\"><\/i>                    <\/div>\n                                <div class=\"aux-text\">\n                <\/div>\n            <\/a>\n            <\/span>\n    <\/div>\n\n    \t\t\t\t<\/div>\n\t\t\t\t<\/div>\n\t\t\t\t<\/div>\n\t\t\t\t\t<\/div>\n\t\t\t\t<\/div>\n\t\t<div class=\"aux-parallax-section elementor-element elementor-element-d318e11 e-flex e-con-boxed e-con e-parent\" data-id=\"d318e11\" data-element_type=\"container\" data-e-type=\"container\">\n\t\t\t\t\t<div class=\"e-con-inner\">\n\t\t<div class=\"elementor-element elementor-element-67412f6 e-con-full e-flex e-con e-child\" data-id=\"67412f6\" data-element_type=\"container\" data-e-type=\"container\">\n\t\t\t\t<div class=\"elementor-element elementor-element-aa07983 aux-appear-watch-animation aux-scale-down elementor-widget elementor-widget-aux_modern_heading\" data-id=\"aa07983\" data-element_type=\"widget\" data-e-type=\"widget\" data-widget_type=\"aux_modern_heading.default\">\n\t\t\t\t<div class=\"elementor-widget-container\">\n\t\t\t\t\t<section class=\"aux-widget-modern-heading\">\n            <div class=\"aux-widget-inner\"><h4 class=\"aux-modern-heading-primary\">Les nostres sucursals<\/h4><h3 class=\"aux-modern-heading-secondary\"><span class=\"aux-head-highlight\">On trobar-nos<\/span><\/h3><\/div>\n        <\/section>\t\t\t\t<\/div>\n\t\t\t\t<\/div>\n\t\t<div class=\"elementor-element elementor-element-7ea9276 e-con-full e-flex e-con e-child\" data-id=\"7ea9276\" data-element_type=\"container\" data-e-type=\"container\">\n\t\t<div class=\"elementor-element elementor-element-3fae4fd e-con-full e-flex e-con e-child\" data-id=\"3fae4fd\" data-element_type=\"container\" data-e-type=\"container\">\n\t\t\t\t<div class=\"elementor-element elementor-element-2fc2e2d aux-appear-watch-animation aux-fade-in-right-1 elementor-widget elementor-widget-aux_staff\" data-id=\"2fc2e2d\" data-element_type=\"widget\" data-e-type=\"widget\" data-widget_type=\"aux_staff.default\">\n\t\t\t\t<div class=\"elementor-widget-container\">\n\t\t\t\t\t<section class=\"aux-wrap-style-simple widget-container aux-widget-staff aux-parent-auc6dda200\">    <div class=\"aux-staff-container aux-staff-pos-left aux-staff-text-left aux-staff-text-dark \" >\n            <div class=\"aux-staff-header aux-staff-img-rect\">\n            <div class=\"aux-media-image\"><img fetchpriority=\"high\" decoding=\"async\" width=\"380\" height=\"500\" src=\"http:\/\/www.adfreco.com\/wp-content\/uploads\/2026\/02\/reusadfreco-40x53.jpg\" class=\" aux-preload aux-has-preview\" alt=\"reusadfreco\" data-ratio=\"0.76\" data-original-w=\"380\" data-src=\"http:\/\/www.adfreco.com\/wp-content\/uploads\/2026\/02\/reusadfreco.jpg\" \/><\/div>        <\/div>\n            <div class=\"aux-staff-content\">\n                        <h4 class=\"col-title\">Reus<\/h4>\n                        <h5 class=\"col-subtitle\">AD Freco Parts<\/h5>\n                        <div class=\"entry-content\">\n                                Pol Ind Mas Batlle, Carrer d'Ignasi Igl\u00e9sias, 63, 65, 43206 Reus, Tarragona\n\n977327575            <\/div>\n                    <\/div>\n\n    <\/div>\n\n\n<\/section><!-- widget-container -->\t\t\t\t<\/div>\n\t\t\t\t<\/div>\n\t\t\t\t<div class=\"elementor-element elementor-element-717444c aux-appear-watch-animation aux-fade-in-right-1 elementor-widget elementor-widget-aux_staff\" data-id=\"717444c\" data-element_type=\"widget\" data-e-type=\"widget\" data-widget_type=\"aux_staff.default\">\n\t\t\t\t<div class=\"elementor-widget-container\">\n\t\t\t\t\t<section class=\"aux-wrap-style-simple widget-container aux-widget-staff aux-parent-au1109a139\">    <div class=\"aux-staff-container aux-staff-pos-left aux-staff-text-left aux-staff-text-dark \" >\n            <div class=\"aux-staff-header aux-staff-img-rect\">\n            <div class=\"aux-media-image\"><img decoding=\"async\" width=\"380\" height=\"500\" src=\"http:\/\/www.adfreco.com\/wp-content\/uploads\/2026\/02\/tarragonaadfreco-40x53.jpg\" class=\" aux-preload aux-has-preview\" alt=\"tarragonaadfreco\" data-ratio=\"0.76\" data-original-w=\"380\" data-src=\"http:\/\/www.adfreco.com\/wp-content\/uploads\/2026\/02\/tarragonaadfreco.jpg\" \/><\/div>        <\/div>\n            <div class=\"aux-staff-content\">\n                        <h4 class=\"col-title\">Tarragona<\/h4>\n                        <h5 class=\"col-subtitle\">AD Freco Parts<\/h5>\n                        <div class=\"entry-content\">\n                                Pol. Ind. Francol\u00ed, Parc.20 Nau 7, 43006 Tarragona\n\n977552445            <\/div>\n                    <\/div>\n\n    <\/div>\n\n\n<\/section><!-- widget-container -->\t\t\t\t<\/div>\n\t\t\t\t<\/div>\n\t\t\t\t<\/div>\n\t\t<div class=\"elementor-element elementor-element-20a09cf e-con-full e-flex e-con e-child\" data-id=\"20a09cf\" data-element_type=\"container\" data-e-type=\"container\">\n\t\t\t\t<div class=\"elementor-element elementor-element-51cfa00 aux-appear-watch-animation aux-fade-in-right-1 elementor-widget elementor-widget-aux_staff\" data-id=\"51cfa00\" data-element_type=\"widget\" data-e-type=\"widget\" data-widget_type=\"aux_staff.default\">\n\t\t\t\t<div class=\"elementor-widget-container\">\n\t\t\t\t\t<section class=\"aux-wrap-style-simple widget-container aux-widget-staff aux-parent-auab91a646\">    <div class=\"aux-staff-container aux-staff-pos-left aux-staff-text-left aux-staff-text-dark \" >\n            <div class=\"aux-staff-header aux-staff-img-rect\">\n            <div class=\"aux-media-image\"><img decoding=\"async\" width=\"380\" height=\"500\" src=\"http:\/\/www.adfreco.com\/wp-content\/uploads\/2026\/02\/cambrils-adfreco-40x53.jpg\" class=\" aux-preload aux-has-preview\" alt=\"cambrils adfreco\" data-ratio=\"0.76\" data-original-w=\"380\" data-src=\"http:\/\/www.adfreco.com\/wp-content\/uploads\/2026\/02\/cambrils-adfreco.jpg\" \/><\/div>        <\/div>\n            <div class=\"aux-staff-content\">\n                        <h4 class=\"col-title\">Cambrils<\/h4>\n                        <h5 class=\"col-subtitle\">AD Freco Parts<\/h5>\n                        <div class=\"entry-content\">\n                                Carrer del Pa\u00eds Basc, 11, 43850 Cambrils, Tarragona\n\n977361240            <\/div>\n                    <\/div>\n\n    <\/div>\n\n\n<\/section><!-- widget-container -->\t\t\t\t<\/div>\n\t\t\t\t<\/div>\n\t\t\t\t<div class=\"elementor-element elementor-element-1f8a62d aux-appear-watch-animation aux-fade-in-right-1 elementor-widget elementor-widget-aux_staff\" data-id=\"1f8a62d\" data-element_type=\"widget\" data-e-type=\"widget\" data-widget_type=\"aux_staff.default\">\n\t\t\t\t<div class=\"elementor-widget-container\">\n\t\t\t\t\t<section class=\"aux-wrap-style-simple widget-container aux-widget-staff aux-parent-audb9da60b\">    <div class=\"aux-staff-container aux-staff-pos-left aux-staff-text-left aux-staff-text-dark \" >\n            <div class=\"aux-staff-header aux-staff-img-rect\">\n            <div class=\"aux-media-image\"><img loading=\"lazy\" decoding=\"async\" width=\"380\" height=\"500\" src=\"http:\/\/www.adfreco.com\/wp-content\/uploads\/2026\/02\/tortosaadffreco-40x53.jpg\" class=\" aux-preload aux-has-preview\" alt=\"tortosaadffreco\" data-ratio=\"0.76\" data-original-w=\"380\" data-src=\"http:\/\/www.adfreco.com\/wp-content\/uploads\/2026\/02\/tortosaadffreco.jpg\" \/><\/div>        <\/div>\n            <div class=\"aux-staff-content\">\n                        <h4 class=\"col-title\">Tortosa<\/h4>\n                        <h5 class=\"col-subtitle\">AD Freco Parts<\/h5>\n                        <div class=\"entry-content\">\n                                Carrer del Comte Ba\u00f1uelos, 8, 43500 Tortosa, Tarragona\n\n977448182            <\/div>\n                    <\/div>\n\n    <\/div>\n\n\n<\/section><!-- widget-container -->\t\t\t\t<\/div>\n\t\t\t\t<\/div>\n\t\t\t\t<\/div>\n\t\t\t\t<\/div>\n\t\t<div class=\"elementor-element elementor-element-e2f5a36 e-con-full e-flex e-con e-child\" data-id=\"e2f5a36\" data-element_type=\"container\" data-e-type=\"container\">\n\t\t<div class=\"elementor-element elementor-element-76ac5f1 e-con-full e-flex e-con e-child\" data-id=\"76ac5f1\" data-element_type=\"container\" data-e-type=\"container\">\n\t\t\t\t<div class=\"elementor-element elementor-element-69ef4fa aux-appear-watch-animation aux-fade-in-right-1 elementor-widget elementor-widget-aux_staff\" data-id=\"69ef4fa\" data-element_type=\"widget\" data-e-type=\"widget\" data-widget_type=\"aux_staff.default\">\n\t\t\t\t<div class=\"elementor-widget-container\">\n\t\t\t\t\t<section class=\"aux-wrap-style-simple widget-container aux-widget-staff aux-parent-au71f0ad8e\">    <div class=\"aux-staff-container aux-staff-pos-left aux-staff-text-left aux-staff-text-dark \" >\n            <div class=\"aux-staff-header aux-staff-img-rect\">\n            <div class=\"aux-media-image\"><img loading=\"lazy\" decoding=\"async\" width=\"380\" height=\"500\" src=\"http:\/\/www.adfreco.com\/wp-content\/uploads\/2026\/02\/moraadfreco-40x53.jpg\" class=\" aux-preload aux-has-preview\" alt=\"moraadfreco\" data-ratio=\"0.76\" data-original-w=\"380\" data-src=\"http:\/\/www.adfreco.com\/wp-content\/uploads\/2026\/02\/moraadfreco.jpg\" \/><\/div>        <\/div>\n            <div class=\"aux-staff-content\">\n                        <h4 class=\"col-title\">Mora<\/h4>\n                        <h5 class=\"col-subtitle\">AD Freco Parts<\/h5>\n                        <div class=\"entry-content\">\n                                Carrer 11 de Setembre, 0, 43770 M\u00f3ra la Nova, Tarragona\n\n977414273            <\/div>\n                    <\/div>\n\n    <\/div>\n\n\n<\/section><!-- widget-container -->\t\t\t\t<\/div>\n\t\t\t\t<\/div>\n\t\t\t\t<div class=\"elementor-element elementor-element-d49c51c aux-appear-watch-animation aux-fade-in-right-1 elementor-widget elementor-widget-aux_staff\" data-id=\"d49c51c\" data-element_type=\"widget\" data-e-type=\"widget\" data-widget_type=\"aux_staff.default\">\n\t\t\t\t<div class=\"elementor-widget-container\">\n\t\t\t\t\t<section class=\"aux-wrap-style-simple widget-container aux-widget-staff aux-parent-au75e095a4\">    <div class=\"aux-staff-container aux-staff-pos-left aux-staff-text-left aux-staff-text-dark \" >\n            <div class=\"aux-staff-header aux-staff-img-rect\">\n            <div class=\"aux-media-image\"><img loading=\"lazy\" decoding=\"async\" width=\"380\" height=\"500\" src=\"http:\/\/www.adfreco.com\/wp-content\/uploads\/2026\/02\/ampostaadfreco1-40x53.jpg\" class=\" aux-preload aux-has-preview\" alt=\"ampostaadfreco1\" data-ratio=\"0.76\" data-original-w=\"380\" data-src=\"http:\/\/www.adfreco.com\/wp-content\/uploads\/2026\/02\/ampostaadfreco1.jpg\" \/><\/div>        <\/div>\n            <div class=\"aux-staff-content\">\n                        <h4 class=\"col-title\">Amposta<\/h4>\n                        <h5 class=\"col-subtitle\">AD Freco Parts<\/h5>\n                        <div class=\"entry-content\">\n                                Carrer Amsterdam, 4, 43870 Amposta, Tarragona\n\n977708480            <\/div>\n                    <\/div>\n\n    <\/div>\n\n\n<\/section><!-- widget-container -->\t\t\t\t<\/div>\n\t\t\t\t<\/div>\n\t\t<div class=\"elementor-element elementor-element-554c928 e-con-full e-flex e-con e-child\" data-id=\"554c928\" data-element_type=\"container\" data-e-type=\"container\">\n\t\t\t\t<div class=\"elementor-element elementor-element-001be3d aux-appear-watch-animation aux-fade-in-right-1 elementor-widget elementor-widget-aux_staff\" data-id=\"001be3d\" data-element_type=\"widget\" data-e-type=\"widget\" data-widget_type=\"aux_staff.default\">\n\t\t\t\t<div class=\"elementor-widget-container\">\n\t\t\t\t\t<section class=\"aux-wrap-style-simple widget-container aux-widget-staff aux-parent-au7275f299\">    <div class=\"aux-staff-container aux-staff-pos-left aux-staff-text-left aux-staff-text-dark \" >\n            <div class=\"aux-staff-header aux-staff-img-rect\">\n            <div class=\"aux-media-image\"><img loading=\"lazy\" decoding=\"async\" width=\"380\" height=\"500\" src=\"http:\/\/www.adfreco.com\/wp-content\/uploads\/2026\/03\/larapitaadfreco-40x53.jpg\" class=\" aux-preload aux-has-preview\" alt=\"larapitaadfreco\" data-ratio=\"0.76\" data-original-w=\"380\" data-src=\"http:\/\/www.adfreco.com\/wp-content\/uploads\/2026\/03\/larapitaadfreco.jpg\" \/><\/div>        <\/div>\n            <div class=\"aux-staff-content\">\n                        <h4 class=\"col-title\">La R\u00e0pita<\/h4>\n                        <h5 class=\"col-subtitle\">AD Freco Parts<\/h5>\n                        <div class=\"entry-content\">\n                                Avinguda Jacint Verdaguer, 17, 43540 La R\u00e0pita, Tarragona\n\n977741975            <\/div>\n                    <\/div>\n\n    <\/div>\n\n\n<\/section><!-- widget-container -->\t\t\t\t<\/div>\n\t\t\t\t<\/div>\n\t\t\t\t<\/div>\n\t\t\t\t<\/div>\n\t\t<div class=\"elementor-element elementor-element-5919b5d e-con-full e-flex e-con e-child\" data-id=\"5919b5d\" data-element_type=\"container\" data-e-type=\"container\">\n\t\t\t\t<div class=\"elementor-element elementor-element-f4ede92 aux-appear-watch-animation aux-fade-in-right-1 elementor-widget elementor-widget-aux_staff\" data-id=\"f4ede92\" data-element_type=\"widget\" data-e-type=\"widget\" data-widget_type=\"aux_staff.default\">\n\t\t\t\t<div class=\"elementor-widget-container\">\n\t\t\t\t\t<section class=\"aux-wrap-style-simple widget-container aux-widget-staff aux-parent-au07823d46\">    <div class=\"aux-staff-container aux-staff-pos-left aux-staff-text-left aux-staff-text-dark \" >\n            <div class=\"aux-staff-header aux-staff-img-rect\">\n            <div class=\"aux-media-image\"><img loading=\"lazy\" decoding=\"async\" width=\"380\" height=\"500\" src=\"http:\/\/www.adfreco.com\/wp-content\/uploads\/2026\/02\/vendrelladfreco-40x53.jpg\" class=\" aux-preload aux-has-preview\" alt=\"vendrelladfreco\" data-ratio=\"0.76\" data-original-w=\"380\" data-src=\"http:\/\/www.adfreco.com\/wp-content\/uploads\/2026\/02\/vendrelladfreco.jpg\" \/><\/div>        <\/div>\n            <div class=\"aux-staff-content\">\n                        <h4 class=\"col-title\">Vendrell<\/h4>\n                        <h5 class=\"col-subtitle\">AD Freco Parts<\/h5>\n                        <div class=\"entry-content\">\n                                carrer masia del furor, 21, 43719 Bellvei, Tarragona\n\n977154505            <\/div>\n                    <\/div>\n\n    <\/div>\n\n\n<\/section><!-- widget-container -->\t\t\t\t<\/div>\n\t\t\t\t<\/div>\n\t\t\t\t<div class=\"elementor-element elementor-element-a52bafd aux-appear-watch-animation aux-fade-in-right-1 elementor-widget elementor-widget-aux_staff\" data-id=\"a52bafd\" data-element_type=\"widget\" data-e-type=\"widget\" data-widget_type=\"aux_staff.default\">\n\t\t\t\t<div class=\"elementor-widget-container\">\n\t\t\t\t\t<section class=\"aux-wrap-style-simple widget-container aux-widget-staff aux-parent-au2d12fdc1\">    <div class=\"aux-staff-container aux-staff-pos-left aux-staff-text-left aux-staff-text-dark \" >\n            <div class=\"aux-staff-header aux-staff-img-rect\">\n            <div class=\"aux-media-image\"><img loading=\"lazy\" decoding=\"async\" width=\"380\" height=\"500\" src=\"http:\/\/www.adfreco.com\/wp-content\/uploads\/2026\/02\/vallsadfreco-40x53.jpg\" class=\" aux-preload aux-has-preview\" alt=\"vallsadfreco\" data-ratio=\"0.76\" data-original-w=\"380\" data-src=\"http:\/\/www.adfreco.com\/wp-content\/uploads\/2026\/02\/vallsadfreco.jpg\" \/><\/div>        <\/div>\n            <div class=\"aux-staff-content\">\n                        <h4 class=\"col-title\">Valls<\/h4>\n                        <h5 class=\"col-subtitle\">AD Freco Parts<\/h5>\n                        <div class=\"entry-content\">\n                                Carrer Fusters, 37, 43800 Valls, Tarragona\n\n977665157            <\/div>\n                    <\/div>\n\n    <\/div>\n\n\n<\/section><!-- widget-container -->\t\t\t\t<\/div>\n\t\t\t\t<\/div>\n\t\t\t\t<\/div>\n\t\t\t\t<\/div>\n\t\t\t\t<\/div>\n\t\t\t\t\t<\/div>\n\t\t\t\t<\/div>\n\t\t\t\t<\/div>\n\t\t","protected":false},"excerpt":{"rendered":"<p>Les nostres botigues, a prop teu 9 botigues al servei del territori A Adfreco apostem per la proximitat, la confian\u00e7a i el millor servei. Disposem d\u2019una xarxa de 9 botigues distribu\u00efdes pel Baix Camp, Alt Camp, Ribera d&#8217; ebre, el Tarragon\u00e8s, el Baix Ebre i Montsi\u00e1, pensades per estar sempre a prop dels nostres clients [&hellip;]<\/p>\n","protected":false},"author":1,"featured_media":0,"parent":0,"menu_order":0,"comment_status":"closed","ping_status":"closed","template":"templates\/page-builder-content.php","meta":{"footnotes":""},"class_list":["post-64","page","type-page","status-publish","hentry"],"_links":{"self":[{"href":"http:\/\/www.adfreco.com\/index.php\/wp-json\/wp\/v2\/pages\/64","targetHints":{"allow":["GET"]}}],"collection":[{"href":"http:\/\/www.adfreco.com\/index.php\/wp-json\/wp\/v2\/pages"}],"about":[{"href":"http:\/\/www.adfreco.com\/index.php\/wp-json\/wp\/v2\/types\/page"}],"author":[{"embeddable":true,"href":"http:\/\/www.adfreco.com\/index.php\/wp-json\/wp\/v2\/users\/1"}],"replies":[{"embeddable":true,"href":"http:\/\/www.adfreco.com\/index.php\/wp-json\/wp\/v2\/comments?post=64"}],"version-history":[{"count":31,"href":"http:\/\/www.adfreco.com\/index.php\/wp-json\/wp\/v2\/pages\/64\/revisions"}],"predecessor-version":[{"id":342,"href":"http:\/\/www.adfreco.com\/index.php\/wp-json\/wp\/v2\/pages\/64\/revisions\/342"}],"wp:attachment":[{"href":"http:\/\/www.adfreco.com\/index.php\/wp-json\/wp\/v2\/media?parent=64"}],"curies":[{"name":"wp","href":"https:\/\/api.w.org\/{rel}","templated":true}]}}